{"id":872,"date":"2025-11-24T11:19:48","date_gmt":"2025-11-24T11:19:48","guid":{"rendered":"https:\/\/pincha.brandcrock.com\/?page_id=872"},"modified":"2025-12-10T06:30:17","modified_gmt":"2025-12-10T06:30:17","slug":"ueber-uns","status":"publish","type":"page","link":"https:\/\/www.pincha.de\/en\/ueber-uns\/","title":{"rendered":"About us"},"content":{"rendered":"<div data-elementor-type=\"wp-page\" data-elementor-id=\"872\" class=\"elementor elementor-872\" data-elementor-post-type=\"page\">\n\t\t\t\t<div class=\"elementor-element elementor-element-24e88c5 elementor-hidden-tablet elementor-hidden-mobile e-flex e-con-boxed e-con e-parent\" data-id=\"24e88c5\" data-element_type=\"container\" data-settings=\"{&quot;background_background&quot;:&quot;classic&quot;}\">\n\t\t\t\t\t<div class=\"e-con-inner\">\n\t\t<div class=\"elementor-element elementor-element-27950ec e-con-full e-flex e-con e-child\" data-id=\"27950ec\" data-element_type=\"container\">\n\t\t<div class=\"elementor-element elementor-element-046d6e0 e-con-full e-flex e-con e-child\" data-id=\"046d6e0\" data-element_type=\"container\">\n\t\t\t\t<div class=\"elementor-element elementor-element-af793d1 elementor-widget elementor-widget-heading\" data-id=\"af793d1\" data-element_type=\"widget\" data-widget_type=\"heading.default\">\n\t\t\t\t\t<h1 class=\"elementor-heading-title elementor-size-default\">Your studio for piercings, tattoos and professional body modification<\/h1>\t\t\t\t<\/div>\n\t\t\t\t<div class=\"elementor-element elementor-element-79d56da elementor-widget elementor-widget-text-editor\" data-id=\"79d56da\" data-element_type=\"widget\" data-widget_type=\"text-editor.default\">\n\t\t\t\t\t\t\t\t\t<p>Welcome to your studio, where art, precision and physical culture come together at the highest level. We are more than just a piercing and tattoo studio \u2013 we are your trusted partner when it comes to your body and your individual form of expression.<\/p>\t\t\t\t\t\t\t\t<\/div>\n\t\t\t\t<\/div>\n\t\t<div class=\"elementor-element elementor-element-f2424c4 e-con-full e-flex e-con e-child\" data-id=\"f2424c4\" data-element_type=\"container\">\n\t\t\t\t<div class=\"elementor-element elementor-element-7a0477e elementor-widget elementor-widget-image\" data-id=\"7a0477e\" data-element_type=\"widget\" data-widget_type=\"image.default\">\n\t\t\t\t\t\t\t\t\t\t\t\t\t\t\t<img fetchpriority=\"high\" decoding=\"async\" width=\"503\" height=\"600\" src=\"https:\/\/i0.wp.com\/www.pincha.de\/wp-content\/uploads\/2025\/11\/Piercings-bg.webp?fit=503%2C600&amp;ssl=1\" class=\"attachment-full size-full wp-image-890\" alt=\"\" srcset=\"https:\/\/i0.wp.com\/www.pincha.de\/wp-content\/uploads\/2025\/11\/Piercings-bg.webp?w=503&amp;ssl=1 503w, https:\/\/i0.wp.com\/www.pincha.de\/wp-content\/uploads\/2025\/11\/Piercings-bg.webp?resize=252%2C300&amp;ssl=1 252w, https:\/\/i0.wp.com\/www.pincha.de\/wp-content\/uploads\/2025\/11\/Piercings-bg.webp?resize=10%2C12&amp;ssl=1 10w\" sizes=\"(max-width: 503px) 100vw, 503px\" \/>\t\t\t\t\t\t\t\t\t\t\t\t\t\t\t<\/div>\n\t\t\t\t<\/div>\n\t\t\t\t<\/div>\n\t\t\t\t\t<\/div>\n\t\t\t\t<\/div>\n\t\t<div class=\"elementor-element elementor-element-7647b25 elementor-hidden-desktop e-flex e-con-boxed e-con e-parent\" data-id=\"7647b25\" data-element_type=\"container\" data-settings=\"{&quot;background_background&quot;:&quot;classic&quot;}\">\n\t\t\t\t\t<div class=\"e-con-inner\">\n\t\t<div class=\"elementor-element elementor-element-9c27519 e-con-full e-flex e-con e-child\" data-id=\"9c27519\" data-element_type=\"container\">\n\t\t<div class=\"elementor-element elementor-element-ff62426 e-con-full hero-sec-img e-flex e-con e-child\" data-id=\"ff62426\" data-element_type=\"container\">\n\t\t\t\t<div class=\"elementor-element elementor-element-0803845 hero-img elementor-widget elementor-widget-image\" data-id=\"0803845\" data-element_type=\"widget\" data-widget_type=\"image.default\">\n\t\t\t\t\t\t\t\t\t\t\t\t\t\t\t<img fetchpriority=\"high\" decoding=\"async\" width=\"503\" height=\"600\" src=\"https:\/\/i0.wp.com\/www.pincha.de\/wp-content\/uploads\/2025\/11\/Piercings-bg.webp?fit=503%2C600&amp;ssl=1\" class=\"attachment-full size-full wp-image-890\" alt=\"\" srcset=\"https:\/\/i0.wp.com\/www.pincha.de\/wp-content\/uploads\/2025\/11\/Piercings-bg.webp?w=503&amp;ssl=1 503w, https:\/\/i0.wp.com\/www.pincha.de\/wp-content\/uploads\/2025\/11\/Piercings-bg.webp?resize=252%2C300&amp;ssl=1 252w, https:\/\/i0.wp.com\/www.pincha.de\/wp-content\/uploads\/2025\/11\/Piercings-bg.webp?resize=10%2C12&amp;ssl=1 10w\" sizes=\"(max-width: 503px) 100vw, 503px\" \/>\t\t\t\t\t\t\t\t\t\t\t\t\t\t\t<\/div>\n\t\t\t\t<\/div>\n\t\t<div class=\"elementor-element elementor-element-8d36dac e-con-full e-flex e-con e-child\" data-id=\"8d36dac\" data-element_type=\"container\">\n\t\t\t\t<div class=\"elementor-element elementor-element-15a69a0 elementor-widget elementor-widget-heading\" data-id=\"15a69a0\" data-element_type=\"widget\" data-widget_type=\"heading.default\">\n\t\t\t\t\t<h1 class=\"elementor-heading-title elementor-size-default\">Your studio for piercings, tattoos and professional body modification<\/h1>\t\t\t\t<\/div>\n\t\t\t\t<div class=\"elementor-element elementor-element-dcef688 elementor-widget elementor-widget-text-editor\" data-id=\"dcef688\" data-element_type=\"widget\" data-widget_type=\"text-editor.default\">\n\t\t\t\t\t\t\t\t\t<p>Welcome to your studio, where art, precision and physical culture come together at the highest level. We are more than just a piercing and tattoo studio \u2013 we are your trusted partner when it comes to your body and your individual form of expression.<\/p>\t\t\t\t\t\t\t\t<\/div>\n\t\t\t\t<\/div>\n\t\t\t\t<\/div>\n\t\t\t\t\t<\/div>\n\t\t\t\t<\/div>\n\t\t<div class=\"elementor-element elementor-element-f7e2b0f elementor-hidden-desktop elementor-hidden-tablet elementor-hidden-mobile e-flex e-con-boxed e-con e-parent\" data-id=\"f7e2b0f\" data-element_type=\"container\">\n\t\t\t\t\t<div class=\"e-con-inner\">\n\t\t\t\t<div class=\"elementor-element elementor-element-344bbfc elementor-widget elementor-widget-spacer\" data-id=\"344bbfc\" data-element_type=\"widget\" data-widget_type=\"spacer.default\">\n\t\t\t\t\t\t\t<div class=\"elementor-spacer\">\n\t\t\t<div class=\"elementor-spacer-inner\"><\/div>\n\t\t<\/div>\n\t\t\t\t\t\t<\/div>\n\t\t<div class=\"elementor-element elementor-element-08f94d0 e-con-full e-flex e-con e-child\" data-id=\"08f94d0\" data-element_type=\"container\">\n\t\t<div class=\"elementor-element elementor-element-e23ddc7 e-con-full elementor-hidden-desktop elementor-hidden-tablet elementor-hidden-mobile e-flex e-con e-child\" data-id=\"e23ddc7\" data-element_type=\"container\">\n\t\t\t\t<div class=\"elementor-element elementor-element-db65e10 elementor-widget elementor-widget-image\" data-id=\"db65e10\" data-element_type=\"widget\" data-widget_type=\"image.default\">\n\t\t\t\t\t\t\t\t\t\t\t\t\t\t\t<img decoding=\"async\" width=\"558\" height=\"373\" src=\"https:\/\/i0.wp.com\/www.pincha.de\/wp-content\/uploads\/2025\/11\/about-img1.webp?fit=558%2C373&amp;ssl=1\" class=\"attachment-large size-large wp-image-877\" alt=\"\" srcset=\"https:\/\/i0.wp.com\/www.pincha.de\/wp-content\/uploads\/2025\/11\/about-img1.webp?w=558&amp;ssl=1 558w, https:\/\/i0.wp.com\/www.pincha.de\/wp-content\/uploads\/2025\/11\/about-img1.webp?resize=300%2C201&amp;ssl=1 300w, https:\/\/i0.wp.com\/www.pincha.de\/wp-content\/uploads\/2025\/11\/about-img1.webp?resize=18%2C12&amp;ssl=1 18w\" sizes=\"(max-width: 558px) 100vw, 558px\" \/>\t\t\t\t\t\t\t\t\t\t\t\t\t\t\t<\/div>\n\t\t\t\t<\/div>\n\t\t<div class=\"elementor-element elementor-element-73ecb69 e-con-full e-flex e-con e-child\" data-id=\"73ecb69\" data-element_type=\"container\">\n\t\t\t\t<div class=\"elementor-element elementor-element-b5e1c42 elementor-widget elementor-widget-heading\" data-id=\"b5e1c42\" data-element_type=\"widget\" data-widget_type=\"heading.default\">\n\t\t\t\t\t<h3 class=\"elementor-heading-title elementor-size-default\">Piercing &amp; Body Modification with Passion<\/h3>\t\t\t\t<\/div>\n\t\t\t\t<div class=\"elementor-element elementor-element-575866d elementor-widget elementor-widget-text-editor\" data-id=\"575866d\" data-element_type=\"widget\" data-widget_type=\"text-editor.default\">\n\t\t\t\t\t\t\t\t\t<p>Whether delicate ear piercings, expressive body piercings or special body modification techniques \u2013 with us, you are in experienced hands. We work with great attention to detail, state-of-the-art methods and the highest hygiene standards to ensure that your new piece of jewellery not only looks good, but also feels good.<\/p>\t\t\t\t\t\t\t\t<\/div>\n\t\t\t\t<\/div>\n\t\t\t\t<\/div>\n\t\t<div class=\"elementor-element elementor-element-5f0011a e-con-full e-flex e-con e-child\" data-id=\"5f0011a\" data-element_type=\"container\">\n\t\t<div class=\"elementor-element elementor-element-c305f48 e-con-full e-flex e-con e-child\" data-id=\"c305f48\" data-element_type=\"container\">\n\t\t\t\t<div class=\"elementor-element elementor-element-a4f4eef elementor-widget elementor-widget-heading\" data-id=\"a4f4eef\" data-element_type=\"widget\" data-widget_type=\"heading.default\">\n\t\t\t\t\t<h3 class=\"elementor-heading-title elementor-size-default\">Tattoos \u2013 art that gets under your skin<\/h3>\t\t\t\t<\/div>\n\t\t\t\t<div class=\"elementor-element elementor-element-a46547a elementor-widget elementor-widget-text-editor\" data-id=\"a46547a\" data-element_type=\"widget\" data-widget_type=\"text-editor.default\">\n\t\t\t\t\t\t\t\t\t<p>Our tattoo team transforms your ideas into unique works of art. From the finest lines to bold motifs \u2013 we provide personalised advice and create tattoos that reflect your personality and will accompany you for a lifetime.<\/p>\t\t\t\t\t\t\t\t<\/div>\n\t\t\t\t<\/div>\n\t\t<div class=\"elementor-element elementor-element-f8d8383 e-con-full elementor-hidden-desktop elementor-hidden-tablet elementor-hidden-mobile e-flex e-con e-child\" data-id=\"f8d8383\" data-element_type=\"container\">\n\t\t\t\t<div class=\"elementor-element elementor-element-214d057 elementor-widget elementor-widget-image\" data-id=\"214d057\" data-element_type=\"widget\" data-widget_type=\"image.default\">\n\t\t\t\t\t\t\t\t\t\t\t\t\t\t\t<img decoding=\"async\" width=\"567\" height=\"373\" src=\"https:\/\/i0.wp.com\/www.pincha.de\/wp-content\/uploads\/2025\/11\/about-img2-1.webp?fit=567%2C373&amp;ssl=1\" class=\"attachment-large size-large wp-image-881\" alt=\"\" srcset=\"https:\/\/i0.wp.com\/www.pincha.de\/wp-content\/uploads\/2025\/11\/about-img2-1.webp?w=567&amp;ssl=1 567w, https:\/\/i0.wp.com\/www.pincha.de\/wp-content\/uploads\/2025\/11\/about-img2-1.webp?resize=300%2C197&amp;ssl=1 300w, https:\/\/i0.wp.com\/www.pincha.de\/wp-content\/uploads\/2025\/11\/about-img2-1.webp?resize=18%2C12&amp;ssl=1 18w\" sizes=\"(max-width: 567px) 100vw, 567px\" \/>\t\t\t\t\t\t\t\t\t\t\t\t\t\t\t<\/div>\n\t\t\t\t<\/div>\n\t\t\t\t<\/div>\n\t\t<div class=\"elementor-element elementor-element-8bfcf15 e-con-full e-flex e-con e-child\" data-id=\"8bfcf15\" data-element_type=\"container\">\n\t\t<div class=\"elementor-element elementor-element-7b1e87b e-con-full elementor-hidden-desktop elementor-hidden-tablet elementor-hidden-mobile e-flex e-con e-child\" data-id=\"7b1e87b\" data-element_type=\"container\">\n\t\t\t\t<div class=\"elementor-element elementor-element-95ebe4c elementor-widget elementor-widget-image\" data-id=\"95ebe4c\" data-element_type=\"widget\" data-widget_type=\"image.default\">\n\t\t\t\t\t\t\t\t\t\t\t\t\t\t\t<img loading=\"lazy\" decoding=\"async\" width=\"567\" height=\"373\" src=\"https:\/\/i0.wp.com\/www.pincha.de\/wp-content\/uploads\/2025\/11\/about-img3.webp?fit=567%2C373&amp;ssl=1\" class=\"attachment-large size-large wp-image-885\" alt=\"\" srcset=\"https:\/\/i0.wp.com\/www.pincha.de\/wp-content\/uploads\/2025\/11\/about-img3.webp?w=567&amp;ssl=1 567w, https:\/\/i0.wp.com\/www.pincha.de\/wp-content\/uploads\/2025\/11\/about-img3.webp?resize=300%2C197&amp;ssl=1 300w, https:\/\/i0.wp.com\/www.pincha.de\/wp-content\/uploads\/2025\/11\/about-img3.webp?resize=18%2C12&amp;ssl=1 18w\" sizes=\"(max-width: 567px) 100vw, 567px\" \/>\t\t\t\t\t\t\t\t\t\t\t\t\t\t\t<\/div>\n\t\t\t\t<\/div>\n\t\t<div class=\"elementor-element elementor-element-0dc937c e-con-full e-flex e-con e-child\" data-id=\"0dc937c\" data-element_type=\"container\">\n\t\t\t\t<div class=\"elementor-element elementor-element-728df7d elementor-widget elementor-widget-heading\" data-id=\"728df7d\" data-element_type=\"widget\" data-widget_type=\"heading.default\">\n\t\t\t\t\t<h3 class=\"elementor-heading-title elementor-size-default\">Professional help for inflamed piercings<\/h3>\t\t\t\t<\/div>\n\t\t\t\t<div class=\"elementor-element elementor-element-fddb210 elementor-widget elementor-widget-text-editor\" data-id=\"fddb210\" data-element_type=\"widget\" data-widget_type=\"text-editor.default\">\n\t\t\t\t\t\t\t\t\t<p>Problems with a piercing? No need to worry! We offer expert support for inflamed or irritated piercings and help you to quickly and safely get complications under control.<\/p>\t\t\t\t\t\t\t\t<\/div>\n\t\t\t\t<\/div>\n\t\t\t\t<\/div>\n\t\t<div class=\"elementor-element elementor-element-7adb520 e-con-full e-flex e-con e-child\" data-id=\"7adb520\" data-element_type=\"container\">\n\t\t<div class=\"elementor-element elementor-element-9208b6d e-con-full e-flex e-con e-child\" data-id=\"9208b6d\" data-element_type=\"container\">\n\t\t\t\t<div class=\"elementor-element elementor-element-d691438 elementor-widget elementor-widget-heading\" data-id=\"d691438\" data-element_type=\"widget\" data-widget_type=\"heading.default\">\n\t\t\t\t\t<h3 class=\"elementor-heading-title elementor-size-default\">Game meat removal \u2013 safe and professional<\/h3>\t\t\t\t<\/div>\n\t\t\t\t<div class=\"elementor-element elementor-element-c51b794 elementor-widget elementor-widget-text-editor\" data-id=\"c51b794\" data-element_type=\"widget\" data-widget_type=\"text-editor.default\">\n\t\t\t\t\t\t\t\t\t<p>If wild flesh has formed, we will take care of its professional, gentle removal. This way, you can wear your piercing again without hesitation and support the healing process in the best possible way.<\/p>\t\t\t\t\t\t\t\t<\/div>\n\t\t\t\t<\/div>\n\t\t<div class=\"elementor-element elementor-element-b6bcef0 e-con-full elementor-hidden-desktop elementor-hidden-tablet elementor-hidden-mobile e-flex e-con e-child\" data-id=\"b6bcef0\" data-element_type=\"container\">\n\t\t\t\t<div class=\"elementor-element elementor-element-a331369 elementor-widget elementor-widget-image\" data-id=\"a331369\" data-element_type=\"widget\" data-widget_type=\"image.default\">\n\t\t\t\t\t\t\t\t\t\t\t\t\t\t\t<img loading=\"lazy\" decoding=\"async\" width=\"567\" height=\"373\" src=\"https:\/\/i0.wp.com\/www.pincha.de\/wp-content\/uploads\/2025\/11\/about-img4.webp?fit=567%2C373&amp;ssl=1\" class=\"attachment-large size-large wp-image-886\" alt=\"\" srcset=\"https:\/\/i0.wp.com\/www.pincha.de\/wp-content\/uploads\/2025\/11\/about-img4.webp?w=567&amp;ssl=1 567w, https:\/\/i0.wp.com\/www.pincha.de\/wp-content\/uploads\/2025\/11\/about-img4.webp?resize=300%2C197&amp;ssl=1 300w, https:\/\/i0.wp.com\/www.pincha.de\/wp-content\/uploads\/2025\/11\/about-img4.webp?resize=18%2C12&amp;ssl=1 18w\" sizes=\"(max-width: 567px) 100vw, 567px\" \/>\t\t\t\t\t\t\t\t\t\t\t\t\t\t\t<\/div>\n\t\t\t\t<\/div>\n\t\t\t\t<\/div>\n\t\t\t\t<div class=\"elementor-element elementor-element-3a726e1 elementor-widget elementor-widget-spacer\" data-id=\"3a726e1\" data-element_type=\"widget\" data-widget_type=\"spacer.default\">\n\t\t\t\t\t\t\t<div class=\"elementor-spacer\">\n\t\t\t<div class=\"elementor-spacer-inner\"><\/div>\n\t\t<\/div>\n\t\t\t\t\t\t<\/div>\n\t\t\t\t\t<\/div>\n\t\t\t\t<\/div>\n\t\t<div class=\"elementor-element elementor-element-c09e5b1 e-flex e-con-boxed e-con e-parent\" data-id=\"c09e5b1\" data-element_type=\"container\">\n\t\t\t\t\t<div class=\"e-con-inner\">\n\t\t\t\t<div class=\"elementor-element elementor-element-c1d04a2 elementor-widget elementor-widget-spacer\" data-id=\"c1d04a2\" data-element_type=\"widget\" data-widget_type=\"spacer.default\">\n\t\t\t\t\t\t\t<div class=\"elementor-spacer\">\n\t\t\t<div class=\"elementor-spacer-inner\"><\/div>\n\t\t<\/div>\n\t\t\t\t\t\t<\/div>\n\t\t\t\t<div class=\"elementor-element elementor-element-c599b74 elementor-widget elementor-widget-heading\" data-id=\"c599b74\" data-element_type=\"widget\" data-widget_type=\"heading.default\">\n\t\t\t\t\t<h3 class=\"elementor-heading-title elementor-size-default\">Piercing &amp; Body Modification with Passion<\/h3>\t\t\t\t<\/div>\n\t\t\t\t<div class=\"elementor-element elementor-element-5bb0d4c elementor-widget elementor-widget-text-editor\" data-id=\"5bb0d4c\" data-element_type=\"widget\" data-widget_type=\"text-editor.default\">\n\t\t\t\t\t\t\t\t\t<p>Whether delicate ear piercings, expressive body piercings or special body modification techniques \u2013 with us, you are in experienced hands. We work with great attention to detail, state-of-the-art methods and the highest hygiene standards to ensure that your new piece of jewellery not only looks good, but also feels good.<\/p>\t\t\t\t\t\t\t\t<\/div>\n\t\t\t\t<div class=\"elementor-element elementor-element-05531ee elementor-widget elementor-widget-heading\" data-id=\"05531ee\" data-element_type=\"widget\" data-widget_type=\"heading.default\">\n\t\t\t\t\t<h3 class=\"elementor-heading-title elementor-size-default\">Tattoos \u2013 art that gets under your skin<\/h3>\t\t\t\t<\/div>\n\t\t\t\t<div class=\"elementor-element elementor-element-bfe58c2 elementor-widget elementor-widget-text-editor\" data-id=\"bfe58c2\" data-element_type=\"widget\" data-widget_type=\"text-editor.default\">\n\t\t\t\t\t\t\t\t\t<p>Our tattoo team transforms your ideas into unique works of art. From the finest lines to bold motifs \u2013 we provide personalised advice and create tattoos that reflect your personality and will accompany you for a lifetime.<\/p>\t\t\t\t\t\t\t\t<\/div>\n\t\t\t\t<div class=\"elementor-element elementor-element-5dd3be2 elementor-widget elementor-widget-heading\" data-id=\"5dd3be2\" data-element_type=\"widget\" data-widget_type=\"heading.default\">\n\t\t\t\t\t<h3 class=\"elementor-heading-title elementor-size-default\">Professional help for inflamed piercings<\/h3>\t\t\t\t<\/div>\n\t\t\t\t<div class=\"elementor-element elementor-element-75d7af8 elementor-widget elementor-widget-text-editor\" data-id=\"75d7af8\" data-element_type=\"widget\" data-widget_type=\"text-editor.default\">\n\t\t\t\t\t\t\t\t\t<p>Problems with a piercing? No need to worry! We offer expert support for inflamed or irritated piercings and help you to quickly and safely get complications under control.<\/p>\t\t\t\t\t\t\t\t<\/div>\n\t\t\t\t<div class=\"elementor-element elementor-element-fb7659c elementor-widget elementor-widget-heading\" data-id=\"fb7659c\" data-element_type=\"widget\" data-widget_type=\"heading.default\">\n\t\t\t\t\t<h3 class=\"elementor-heading-title elementor-size-default\">Game meat removal \u2013 safe and professional<\/h3>\t\t\t\t<\/div>\n\t\t\t\t<div class=\"elementor-element elementor-element-33f2049 elementor-widget elementor-widget-text-editor\" data-id=\"33f2049\" data-element_type=\"widget\" data-widget_type=\"text-editor.default\">\n\t\t\t\t\t\t\t\t\t<p>If wild flesh has formed, we will take care of its professional, gentle removal. This way, you can wear your piercing again without hesitation and support the healing process in the best possible way.<\/p>\t\t\t\t\t\t\t\t<\/div>\n\t\t\t\t<div class=\"elementor-element elementor-element-9bfc9ba elementor-widget elementor-widget-spacer\" data-id=\"9bfc9ba\" data-element_type=\"widget\" data-widget_type=\"spacer.default\">\n\t\t\t\t\t\t\t<div class=\"elementor-spacer\">\n\t\t\t<div class=\"elementor-spacer-inner\"><\/div>\n\t\t<\/div>\n\t\t\t\t\t\t<\/div>\n\t\t\t\t\t<\/div>\n\t\t\t\t<\/div>\n\t\t\t\t<\/div>","protected":false},"excerpt":{"rendered":"<p>Dein Studio f\u00fcr Piercing, Tattoos &amp; professionelle Bodymodification Willkommen in deinem Studio, in dem Kunst, Pr\u00e4zision und K\u00f6rperkultur auf h\u00f6chstem [&hellip;]<\/p>","protected":false},"author":1,"featured_media":0,"parent":0,"menu_order":0,"comment_status":"closed","ping_status":"closed","template":"elementor_header_footer","meta":{"site-sidebar-layout":"no-sidebar","site-content-layout":"","ast-site-content-layout":"full-width-container","site-content-style":"default","site-sidebar-style":"default","ast-global-header-display":"","ast-banner-title-visibility":"","ast-main-header-display":"","ast-hfb-above-header-display":"","ast-hfb-below-header-display":"","ast-hfb-mobile-header-display":"","site-post-title":"","ast-breadcrumbs-content":"","ast-featured-img":"disabled","footer-sml-layout":"","ast-disable-related-posts":"","theme-transparent-header-meta":"","adv-header-id-meta":"","stick-header-meta":"","header-above-stick-meta":"","header-main-stick-meta":"","header-below-stick-meta":"","astra-migrate-meta-layouts":"default","ast-page-background-enabled":"default","ast-page-background-meta":{"desktop":{"background-color":"var(--ast-global-color-5)","background-image":"","background-repeat":"repeat","background-position":"center center","background-size":"auto","background-attachment":"scroll","background-type":"","background-media":"","overlay-type":"","overlay-color":"","overlay-opacity":"","overlay-gradient":""},"tablet":{"background-color":"","background-image":"","background-repeat":"repeat","background-position":"center center","background-size":"auto","background-attachment":"scroll","background-type":"","background-media":"","overlay-type":"","overlay-color":"","overlay-opacity":"","overlay-gradient":""},"mobile":{"background-color":"","background-image":"","background-repeat":"repeat","background-position":"center center","background-size":"auto","background-attachment":"scroll","background-type":"","background-media":"","overlay-type":"","overlay-color":"","overlay-opacity":"","overlay-gradient":""}},"ast-content-background-meta":{"desktop":{"background-color":"var(--ast-global-color-4)","background-image":"","background-repeat":"repeat","background-position":"center center","background-size":"auto","background-attachment":"scroll","background-type":"","background-media":"","overlay-type":"","overlay-color":"","overlay-opacity":"","overlay-gradient":""},"tablet":{"background-color":"var(--ast-global-color-4)","background-image":"","background-repeat":"repeat","background-position":"center center","background-size":"auto","background-attachment":"scroll","background-type":"","background-media":"","overlay-type":"","overlay-color":"","overlay-opacity":"","overlay-gradient":""},"mobile":{"background-color":"var(--ast-global-color-4)","background-image":"","background-repeat":"repeat","background-position":"center center","background-size":"auto","background-attachment":"scroll","background-type":"","background-media":"","overlay-type":"","overlay-color":"","overlay-opacity":"","overlay-gradient":""}},"footnotes":""},"class_list":["post-872","page","type-page","status-publish","hentry"],"_links":{"self":[{"href":"https:\/\/www.pincha.de\/en\/wp-json\/wp\/v2\/pages\/872","targetHints":{"allow":["GET"]}}],"collection":[{"href":"https:\/\/www.pincha.de\/en\/wp-json\/wp\/v2\/pages"}],"about":[{"href":"https:\/\/www.pincha.de\/en\/wp-json\/wp\/v2\/types\/page"}],"author":[{"embeddable":true,"href":"https:\/\/www.pincha.de\/en\/wp-json\/wp\/v2\/users\/1"}],"replies":[{"embeddable":true,"href":"https:\/\/www.pincha.de\/en\/wp-json\/wp\/v2\/comments?post=872"}],"version-history":[{"count":18,"href":"https:\/\/www.pincha.de\/en\/wp-json\/wp\/v2\/pages\/872\/revisions"}],"predecessor-version":[{"id":1295,"href":"https:\/\/www.pincha.de\/en\/wp-json\/wp\/v2\/pages\/872\/revisions\/1295"}],"wp:attachment":[{"href":"https:\/\/www.pincha.de\/en\/wp-json\/wp\/v2\/media?parent=872"}],"curies":[{"name":"wp","href":"https:\/\/api.w.org\/{rel}","templated":true}]}}